{"id":536,"date":"2025-02-07T13:50:20","date_gmt":"2025-02-07T11:50:20","guid":{"rendered":"http:\/\/www.ptvii.fi\/?page_id=536"},"modified":"2025-02-26T12:31:06","modified_gmt":"2025-02-26T10:31:06","slug":"lintukuvat","status":"publish","type":"page","link":"https:\/\/www.ptvii.fi\/index.php\/lintukuvat\/","title":{"rendered":"Lintukuvat"},"content":{"rendered":"\n<p><strong><em><mark style=\"background-color:rgba(0, 0, 0, 0)\" class=\"has-inline-color has-vivid-red-color\">LINTUKUVAT- SIVUT OVAT VIEL\u00c4 KESKEN!<\/mark><\/em><\/strong><\/p>\n\n\n\n<p>N\u00e4ill\u00e4 sivuilla julkaisen ottamiani lintukuvia systemaattisessa j\u00e4rjestyksess\u00e4 suvuittain. <\/p>\n\n\n\n<p>Kaikista Suomessa havaituista linnuista on nimi suomeksi, tieteellinen nimi, ruotsiksi ja englanniksi.<\/p>\n\n\n\n<p>Sivulla <a href=\"http:\/\/www.ptvii.fi\/index.php\/galleria\/\" data-type=\"page\" data-id=\"60\">Galleria <\/a>kuvia l\u00f6ytyy lintujen suomenkielisten nimien mukaisessa aakkosj\u00e4rjestyksess\u00e4.<\/p>\n\n\n\n<p><\/p>\n\n\n\n<p><strong><a href=\"http:\/\/www.ptvii.fi\/index.php\/sorsalinnut\/\" data-type=\"page\" data-id=\"487\">Sorsalinnut<\/a><\/strong><\/p>\n\n\n\n<p><strong><a href=\"http:\/\/www.ptvii.fi\/index.php\/kanalinnut\/\" data-type=\"page\" data-id=\"539\">Kanalinnut<\/a><\/strong><\/p>\n\n\n\n<p><a href=\"http:\/\/www.ptvii.fi\/index.php\/kuikkalinnut-ja-uikkulinnut\/\" data-type=\"page\" data-id=\"543\"><strong>Kukkalinnut ja <\/strong><strong>Uikkulinnut<\/strong><\/a><\/p>\n\n\n\n<p><strong><a href=\"http:\/\/www.ptvii.fi\/index.php\/pelikaanilinnut-ja-haikaralinnut\/\" data-type=\"page\" data-id=\"545\">Pelikaanilinnut ja Haikaralinnut<\/a><\/strong><\/p>\n\n\n\n<p><strong><a href=\"http:\/\/www.ptvii.fi\/index.php\/paivapetolinnut-ja-jalohaukkalinnut\/\" data-type=\"page\" data-id=\"549\">P\u00e4iv\u00e4petolinnut ja Jalohaukkalinnut<\/a><\/strong><\/p>\n\n\n\n<p><strong><a href=\"http:\/\/www.ptvii.fi\/index.php\/kurkilinnut-ja-rantalinnut\/\" data-type=\"page\" data-id=\"551\">Kurkilinnut ja Rantalinnut<\/a><\/strong><\/p>\n\n\n\n<p><strong><a href=\"http:\/\/www.ptvii.fi\/index.php\/hietakanalinnut-kyyhkylinnut-ja-kakilinnut\/\" data-type=\"page\" data-id=\"553\">Hietakanalinnut, Kyyhkylinnut ja K\u00e4kilinnut<\/a><\/strong><\/p>\n\n\n\n<p><strong><a href=\"http:\/\/www.ptvii.fi\/index.php\/pollolinnut-ja-kehraajalinnut\/\" data-type=\"page\" data-id=\"555\">P\u00f6ll\u00f6linnut ja Kehr\u00e4\u00e4j\u00e4linnut<\/a><\/strong><\/p>\n\n\n\n<p><strong><a href=\"http:\/\/www.ptvii.fi\/index.php\/kirskulinnut-ja-saihkylinnut\/\" data-type=\"page\" data-id=\"557\">Kirskulinnut ja S\u00e4ihkylinnut<\/a><\/strong><\/p>\n\n\n\n<p><strong><a href=\"http:\/\/www.ptvii.fi\/index.php\/tikkalinnut\/\" data-type=\"page\" data-id=\"559\">Tikkalinnut<\/a><\/strong><\/p>\n\n\n\n<p><strong><a href=\"http:\/\/www.ptvii.fi\/index.php\/varpuslinnut\/\" data-type=\"page\" data-id=\"561\">Varpuslinnut<\/a><\/strong><\/p>\n\n\n\n<p><em>Sivu p\u00e4ivitetty viimeksi 26.2.2025<\/em><\/p>\n\n\n\n<p><\/p>\n","protected":false},"excerpt":{"rendered":"<p>LINTUKUVAT- SIVUT OVAT VIEL\u00c4 KESKEN! N\u00e4ill\u00e4 sivuilla julkaisen ottamiani lintukuvia systemaattisessa j\u00e4rjestyksess\u00e4 suvuittain. Kaikista Suomessa havaituista linnuista on nimi suomeksi, tieteellinen nimi, ruotsiksi ja englanniksi. Sivulla Galleria kuvia l\u00f6ytyy lintujen suomenkielisten nimien mukaisessa aakkosj\u00e4rjestyksess\u00e4. Sorsalinnut Kanalinnut Kukkalinnut ja Uikkulinnut Pelikaanilinnut ja Haikaralinnut P\u00e4iv\u00e4petolinnut ja Jalohaukkalinnut Kurkilinnut ja Rantalinnut Hietakanalinnut, Kyyhkylinnut ja K\u00e4kilinnut P\u00f6ll\u00f6linnut ja Kehr\u00e4\u00e4j\u00e4linnut &hellip; <\/p>\n<p><a class=\"more-link btn\" href=\"https:\/\/www.ptvii.fi\/index.php\/lintukuvat\/\">Jatka lukemista<\/a><\/p>\n","protected":false},"author":1,"featured_media":0,"parent":0,"menu_order":0,"comment_status":"closed","ping_status":"closed","template":"","meta":{"footnotes":""},"class_list":["post-536","page","type-page","status-publish","hentry","nodate","item-wrap"],"_links":{"self":[{"href":"https:\/\/www.ptvii.fi\/index.php\/wp-json\/wp\/v2\/pages\/536","targetHints":{"allow":["GET"]}}],"collection":[{"href":"https:\/\/www.ptvii.fi\/index.php\/wp-json\/wp\/v2\/pages"}],"about":[{"href":"https:\/\/www.ptvii.fi\/index.php\/wp-json\/wp\/v2\/types\/page"}],"author":[{"embeddable":true,"href":"https:\/\/www.ptvii.fi\/index.php\/wp-json\/wp\/v2\/users\/1"}],"replies":[{"embeddable":true,"href":"https:\/\/www.ptvii.fi\/index.php\/wp-json\/wp\/v2\/comments?post=536"}],"version-history":[{"count":12,"href":"https:\/\/www.ptvii.fi\/index.php\/wp-json\/wp\/v2\/pages\/536\/revisions"}],"predecessor-version":[{"id":652,"href":"https:\/\/www.ptvii.fi\/index.php\/wp-json\/wp\/v2\/pages\/536\/revisions\/652"}],"wp:attachment":[{"href":"https:\/\/www.ptvii.fi\/index.php\/wp-json\/wp\/v2\/media?parent=536"}],"curies":[{"name":"wp","href":"https:\/\/api.w.org\/{rel}","templated":true}]}}