{"id":559,"date":"2025-02-07T14:26:29","date_gmt":"2025-02-07T12:26:29","guid":{"rendered":"http:\/\/www.ptvii.fi\/?page_id=559"},"modified":"2025-02-26T14:28:30","modified_gmt":"2025-02-26T12:28:30","slug":"tikkalinnut","status":"publish","type":"page","link":"http:\/\/www.ptvii.fi\/index.php\/tikkalinnut\/","title":{"rendered":"Tikkalinnut"},"content":{"rendered":"\n<p><strong>Lahko Piciformes &#8211; Tikkalinnut<\/strong><\/p>\n\n\n\n<p><strong>Heimo Picidae &#8211; Tikat<\/strong><\/p>\n\n\n\n<p>k\u00e4enpiika  <em>Jynx torquilla<\/em>  g\u00f6ktyta  Wryneck<\/p>\n\n\n\n<p>harmaap\u00e4\u00e4tikka  <em>Picus canus<\/em>  gr\u00e5spett  Grey-headed Woodpecker<\/p>\n\n\n\n<p>vihertikka  <em>Picus viridis<\/em>  gr\u00f6ng\u00f6ling  Green Woodpecker<\/p>\n\n\n\n<p>palok\u00e4rki  <em>Dryocopus martius<\/em>  spillkr\u00e5ka  Black Woodpecker<\/p>\n\n\n\n<p>k\u00e4pytikka  <em>Dendrocopos major<\/em>  st\u00f6rre hackspett  Great Spotted Woodpecker<\/p>\n\n\n\n<p>tammitikka  <em>Dendrocopos medius<\/em>  mellanspett  Middle Spotted Woodpecker<\/p>\n\n\n\n<p>valkoselk\u00e4tikka  <em>Dendrocopos leucotos<\/em>  vitryggig hackspett  White-backed Woodpecker<\/p>\n\n\n\n<p>pikkutikka  <em>Dendrocopos minor<\/em>  mindre hackspett  Lesser Spotted Woodpecker<\/p>\n\n\n\n<p>pohjantikka  <em>Picoides tridactylus<\/em>  tret\u00e5ig hackspett  Three-toed Woodpecker<\/p>\n\n\n\n<p><em>Sivua muokattu 26.2.2025<\/em><\/p>\n\n\n\n<p><\/p>\n","protected":false},"excerpt":{"rendered":"<p>Lahko Piciformes &#8211; Tikkalinnut Heimo Picidae &#8211; Tikat k\u00e4enpiika Jynx torquilla g\u00f6ktyta Wryneck harmaap\u00e4\u00e4tikka Picus canus gr\u00e5spett Grey-headed Woodpecker vihertikka Picus viridis gr\u00f6ng\u00f6ling Green Woodpecker palok\u00e4rki Dryocopus martius spillkr\u00e5ka Black Woodpecker k\u00e4pytikka Dendrocopos major st\u00f6rre hackspett Great Spotted Woodpecker tammitikka Dendrocopos medius mellanspett Middle Spotted Woodpecker valkoselk\u00e4tikka Dendrocopos leucotos vitryggig hackspett White-backed Woodpecker pikkutikka Dendrocopos &hellip; <\/p>\n<p><a class=\"more-link btn\" href=\"http:\/\/www.ptvii.fi\/index.php\/tikkalinnut\/\">Jatka lukemista<\/a><\/p>\n","protected":false},"author":1,"featured_media":0,"parent":0,"menu_order":0,"comment_status":"closed","ping_status":"closed","template":"","meta":{"footnotes":""},"class_list":["post-559","page","type-page","status-publish","hentry","nodate","item-wrap"],"_links":{"self":[{"href":"http:\/\/www.ptvii.fi\/index.php\/wp-json\/wp\/v2\/pages\/559","targetHints":{"allow":["GET"]}}],"collection":[{"href":"http:\/\/www.ptvii.fi\/index.php\/wp-json\/wp\/v2\/pages"}],"about":[{"href":"http:\/\/www.ptvii.fi\/index.php\/wp-json\/wp\/v2\/types\/page"}],"author":[{"embeddable":true,"href":"http:\/\/www.ptvii.fi\/index.php\/wp-json\/wp\/v2\/users\/1"}],"replies":[{"embeddable":true,"href":"http:\/\/www.ptvii.fi\/index.php\/wp-json\/wp\/v2\/comments?post=559"}],"version-history":[{"count":3,"href":"http:\/\/www.ptvii.fi\/index.php\/wp-json\/wp\/v2\/pages\/559\/revisions"}],"predecessor-version":[{"id":638,"href":"http:\/\/www.ptvii.fi\/index.php\/wp-json\/wp\/v2\/pages\/559\/revisions\/638"}],"wp:attachment":[{"href":"http:\/\/www.ptvii.fi\/index.php\/wp-json\/wp\/v2\/media?parent=559"}],"curies":[{"name":"wp","href":"https:\/\/api.w.org\/{rel}","templated":true}]}}