{"id":551,"date":"2025-02-07T14:22:07","date_gmt":"2025-02-07T12:22:07","guid":{"rendered":"http:\/\/www.ptvii.fi\/?page_id=551"},"modified":"2025-02-26T12:29:02","modified_gmt":"2025-02-26T10:29:02","slug":"kurkilinnut-ja-rantalinnut","status":"publish","type":"page","link":"http:\/\/www.ptvii.fi\/index.php\/kurkilinnut-ja-rantalinnut\/","title":{"rendered":"Kurkilinnut ja Rantalinnut"},"content":{"rendered":"\n<p><strong>Lahko Gruiformes &#8211; Kurkilinnut<\/strong><\/p>\n\n\n\n<p><strong>Heimo Rallidae &#8211; Rantakanat<\/strong><\/p>\n\n\n\n<p>luhtakana  <em>Rallus aquaticus<\/em>  vattenrall  Water Rail<\/p>\n\n\n\n<p>luhtahuitti  <em>Porzana porzana<\/em>  sm\u00e5fl\u00e4ckig sumph\u00f6na  Spotted Crake<\/p>\n\n\n\n<p>pikkuhuitti  <em>Porzana parva<\/em>  mindre sumph\u00f6na  Little Crake<\/p>\n\n\n\n<p>k\u00e4\u00e4pi\u00f6huitti  <em>Porzana pusilla<\/em>  dv\u00e4rgsumph\u00f6na  Baillon&#8217;s Crake<\/p>\n\n\n\n<p>ruisr\u00e4\u00e4kk\u00e4  <em>Crex crex<\/em>  kornknarr  Corn Crake<\/p>\n\n\n\n<p>liejukana <em>Gallinula chloropus<\/em>  r\u00f6rh\u00f6na  Moorhen<\/p>\n\n\n\n<p>kurnuliejukana  <em>Porphyrio alleni<\/em>  mindre sultanh\u00f6na  Allen&#8217;s Gallinule<\/p>\n\n\n\n<p>nokikana  <em>Fulica atra<\/em>  soth\u00f6na  Eurasian Coot<\/p>\n\n\n\n<p><strong>Heimo Gruidae &#8211; Kurjet<\/strong><\/p>\n\n\n\n<p>kurki  <em>Grus grus<\/em>  trana  Common Crane<\/p>\n\n\n\n<p>hietakurki  <em>Grus canadensis<\/em>  pr\u00e4rietrana  Sandhill Crane<\/p>\n\n\n\n<p>neitokurki  <em>Grus virgo<\/em>  jungfrutrana  Demoiselle Crane<\/p>\n\n\n\n<p><strong>Heimo Otidae &#8211; Trapit<\/strong><\/p>\n\n\n\n<p>pikkutrappi  <em>Tetrax tetrax<\/em>  sm\u00e5trapp  Little Bustard<\/p>\n\n\n\n<p>id\u00e4nkaulustrappi  <em>Chlamydotis macqueenii<\/em>  kragtrapp  Macqueen&#8217;s Bustard<\/p>\n\n\n\n<p>isotrappi  <em>Otis tarda<\/em>  stortrapp  Great Bustard<\/p>\n\n\n\n<p><strong>Lahko Charadriiformes &#8211; Rantalinnut<\/strong><\/p>\n\n\n\n<p><strong>Heimo Burhinidae &#8211; Paksujalat<\/strong><\/p>\n\n\n\n<p>paksujalka  <em>Burhinus oedicnemus<\/em>  tjockfot  Stone-curlew<\/p>\n\n\n\n<p><strong>Heimo Recurvirostridae &#8211; Avosetit<\/strong><\/p>\n\n\n\n<p>pitk\u00e4jalka  <em>Himantopus himantopus<\/em>  styltl\u00f6pare  Black-winged Stilt<\/p>\n\n\n\n<p>avosetti  <em>Recurvirostra avosetta<\/em>  sk\u00e4rfl\u00e4cka  Pied Avocet<\/p>\n\n\n\n<p><strong>Heimo Haematopodidae &#8211; Meriharakat<\/strong><\/p>\n\n\n\n<p>meriharakka  <em>Haematopus ostralegus<\/em>  strandskata  Eurasian Oystercatcher<\/p>\n\n\n\n<p><strong>Heimo Charadriidae &#8211; Kurmitsat<\/strong><\/p>\n\n\n\n<p>siperiankurmitsa  <em>Pluvialis fulva<\/em>  sibirisk tundrapipare  Pacific Golden Plover<\/p>\n\n\n\n<p>amerikankurmitsa  <em>Pluvialis dominica<\/em>  amerikansk tundrapipare  American Golden Plover<\/p>\n\n\n\n<p>kapustarinta  <em>Pluvialis apricaria<\/em>  ljungpipare  Golden Plover<\/p>\n\n\n\n<p>tundrakurmitsa  <em>Pluvialis squatarola<\/em>  kustpipare  Grey Plover<\/p>\n\n\n\n<p>arohyypp\u00e4  <em>Vanellus gregarius<\/em>  st\u00e4ppvipa  Sociable Lapwing<\/p>\n\n\n\n<p>suohyypp\u00e4  <em>Vanellus leucurus<\/em>  sumpvipa  White-tailed Lapwing<\/p>\n\n\n\n<p>t\u00f6yht\u00f6hyypp\u00e4  <em>Vanellus vanellus<\/em>  tofsvipa  Northern Lapwing<\/p>\n\n\n\n<p>pikkutylli  <em>Charadrius dubius<\/em>  mindre strandpipare  Little Ringed Plover<\/p>\n\n\n\n<p>tylli  <em>Charadrius hiaticula<\/em>  st\u00f6rre strandpipare  Ringed Plover<\/p>\n\n\n\n<p>mustajalkatylli  <em>Charadrius alexandrinus<\/em>  svartbent strandpipare  Kentish Plover<\/p>\n\n\n\n<p>yl\u00e4nk\u00f6tylli  <em>Charadrius mongolus<\/em>  mongolpipare  Lesser Sand Plover<\/p>\n\n\n\n<p>aavikkotylli  <em>Charadrius leschenaultii<\/em>  \u00f6kenpipare  Greater Sand Plover<\/p>\n\n\n\n<p>kaspiantylli  <em>Charadrius asiaticus<\/em>  kaspisk pipare  Caspian Plover<\/p>\n\n\n\n<p>gobintylli  <em>Charadrius veredus<\/em>  orientpipare    Oriental Plover<\/p>\n\n\n\n<p>ker\u00e4kurmitsa  <em>Charadrius morinellus<\/em>  fj\u00e4llpipare  Dotterel<\/p>\n\n\n\n<p><strong>Heimo Scolopacidae &#8211; Kurpat<\/strong><\/p>\n\n\n\n<p>preeriakahlaaja  <em>Bartramia longicauda<\/em>  piparsn\u00e4ppa  Upland Sandpiper<\/p>\n\n\n\n<p>taigakuovi  <em>Numenius minutus<\/em>  dv\u00e4rgspov  Little Curlew<\/p>\n\n\n\n<p>pikkukuovi  <em>Numenius phaeopus<\/em>  sm\u00e5spov  Whimbrel<\/p>\n\n\n\n<p>kuovi  <em>Numenius arquata<\/em>  storspov  Eurasian Curlew<\/p>\n\n\n\n<p>mustapyrst\u00f6kuiri  <em>Limosa limosa<\/em>  r\u00f6dspov  Black-tailed Godwit<\/p>\n\n\n\n<p>punakuiri  <em>Limosa lapponica<\/em>  myrspov  Bar-tailed Godwit<\/p>\n\n\n\n<p>karikukko  <em>Arenaria interpres<\/em>  roskarl  Ruddy Turnstone<\/p>\n\n\n\n<p>isosirri  <em>Calidris canutus<\/em> kustsn\u00e4ppa  Red Knot<\/p>\n\n\n\n<p>suokukko  <em>Calidris pugnax<\/em>  brushane  brushane  Ruff<\/p>\n\n\n\n<p>suippopyrst\u00f6sirri  <em>Calidris acuminata<\/em>   spetsstj\u00e4rtad sn\u00e4ppa  Sharp-tailed Sandpiper<\/p>\n\n\n\n<p>j\u00e4nk\u00e4sirri\u00e4inen  <em>Calidris falcinellus<\/em>  myrsn\u00e4ppa  Broad-billed Sandpiper<\/p>\n\n\n\n<p>kuovisirri  <em>Calidris ferruginea<\/em>  spovsn\u00e4ppa  Curlew Sandpiper<\/p>\n\n\n\n<p>pitk\u00e4koipisirri  <em>Calidris himantopus<\/em>  styltsn\u00e4ppa  Stilt Sandpiper<\/p>\n\n\n\n<p>rusokaulasirri  <em>Calidris ruficollis<\/em>  r\u00f6dhalsad sn\u00e4ppa  Red-necked Stint<\/p>\n\n\n\n<p>siperiansirri  <em>Calidris subminuta<\/em>  l\u00e5ngt\u00e5sn\u00e4ppa  Long-toed Stint<\/p>\n\n\n\n<p>lapinsirri  <em>Calidris temminckii<\/em>  mosn\u00e4ppa  Temminck&#8217;s Stint<\/p>\n\n\n\n<p>pulmussirri  <em>Calidris alba<\/em>  sandl\u00f6pare  Sanderling<\/p>\n\n\n\n<p>suosirri  <em><em>Calidris alpina<\/em><\/em>  k\u00e4rrsn\u00e4ppa  Dunlin<\/p>\n\n\n\n<p>merisirri  <em>Calidris maritima<\/em>  sk\u00e4rsn\u00e4ppa   Purple Sandpiper<\/p>\n\n\n\n<p>eskimosirri  <em>Calidris bairdii<\/em>  gulbr\u00f6stad sn\u00e4ppa  Baird&#8217;s Sandpiper<\/p>\n\n\n\n<p>pikkusirri  <em>Calidris minuta<\/em>  sm\u00e5sn\u00e4ppa  Little Stint<\/p>\n\n\n\n<p>valkoper\u00e4sirri  <em>Calidris fuscicollis<\/em>  vitgumpsn\u00e4ppa  White-rumped Sandpiper<\/p>\n\n\n\n<p>amerikansirri  <em>Calidris minutilla<\/em>  dv\u00e4rgsn\u00e4ppa  Least Sandpiper<\/p>\n\n\n\n<p>tundravikla  <em>Calidris subruficollis<\/em>  pr\u00e4riel\u00f6pare  Buff-breasted Sandpiper<\/p>\n\n\n\n<p>palsasirri  <em>Calidris melanotos<\/em>  tuvsn\u00e4ppa  Pectoral Sandpiper<\/p>\n\n\n\n<p>amerikanvesip\u00e4\u00e4sky  <em>Phalaropus tricolor<\/em>  wilsonsimsn\u00e4ppa  Wilson&#8217;s Phalarope<\/p>\n\n\n\n<p>vesip\u00e4\u00e4sky  <em>Phalaropus lobatus<\/em>  smaln\u00e4bbad simsn\u00e4ppa  Red-necked Phalarope<\/p>\n\n\n\n<p>isovesip\u00e4\u00e4sky  <em>Phalaropus fulicarius<\/em>  bredn\u00e4bbad simsn\u00e4ppa  Red Phalarope<\/p>\n\n\n\n<p>rantakurvi  <em>Xenus cinereus<\/em>  tereksn\u00e4ppa  Terek Sandpiper<\/p>\n\n\n\n<p>rantasipi  <em>Actitis hypoleucos<\/em>  drillsn\u00e4ppa  Common Sandpiper<\/p>\n\n\n\n<p>amerikansipi  <em>Actitis macularius<\/em>  fl\u00e4ckdrillsn\u00e4ppa  Spotted Sandpiper<\/p>\n\n\n\n<p>mets\u00e4viklo  <em>Tringa ochropus<\/em>  skogssn\u00e4ppa  Green Sandpiper<\/p>\n\n\n\n<p>mustaviklo  <em>Tringa erythropus<\/em>  svartsn\u00e4ppa  Spotted Redshank<\/p>\n\n\n\n<p>valkoviklo  <em>Tringa nebularia<\/em>  gluttsn\u00e4ppa  Greenshank<\/p>\n\n\n\n<p>keltajalkaviklo  <em>Tringa flavipes<\/em>  mindre gulbena  Lesser Yellowlegs<\/p>\n\n\n\n<p>preeriaviklo  <em>Tringa semipalmata<\/em>  willet  Willet<\/p>\n\n\n\n<p>lampiviklo  <em>Tringa stagnatilis<\/em>  dammsn\u00e4ppa  Marsh Sandpiper<\/p>\n\n\n\n<p>liro <em>Tringa glareola<\/em>  gr\u00f6nbena  Wood Sandpiper<\/p>\n\n\n\n<p>punajalkaviklo  <em>Tringa totanus<\/em>  r\u00f6dbena  Common Redshank<\/p>\n\n\n\n<p>j\u00e4nk\u00e4kurppa  <em>Lymnocryptes minimus<\/em>  dv\u00e4rgbeckasin  Jack Snipe<\/p>\n\n\n\n<p>tundrakurppelo  <em>Limnodromus scolopaceus<\/em>  st\u00f6rre beckasinsn\u00e4ppa  Long-billed Dowitcher<\/p>\n\n\n\n<p>lehtokurppa  <em>Scolopax rusticola<\/em>  morkulla  Woodcock<\/p>\n\n\n\n<p>taivaanvuohi  <em>Gallinago gallinago<\/em>  enkelbeckasin  Common Snipe<\/p>\n\n\n\n<p>amerikantaivaanvuohi  <em>Gallinago delicata<\/em> wilsonbeckasin  Wilson&#8217;s Snipe<\/p>\n\n\n\n<p>hein\u00e4kurppa  <em>Gallinago media<\/em>  dubbelbeckasin  Great Snipe<\/p>\n\n\n\n<p>siperiankurppa  <em>Gallinago megala<\/em>  tajgabeckasin  Swinhoe&#8217;s Snipe<\/p>\n\n\n\n<p><strong>Heimo Glareolidae &#8211; P\u00e4\u00e4skykahlaajat<\/strong><\/p>\n\n\n\n<p>p\u00e4\u00e4skykahlaaja  <em>Glareola pratincola<\/em>  r\u00f6dvingad vadarsvala  Collared Pratincole<\/p>\n\n\n\n<p>aasianp\u00e4\u00e4skykahlaaja  <em>Glareola maldivarum<\/em>  orientvadarsvala  Oriental Pratincole<\/p>\n\n\n\n<p>arop\u00e4\u00e4skykahlaaja  <em>Glareola nordmanni<\/em>  svartvingad vadarsvala  Black-winged Pratincole<\/p>\n\n\n\n<p>aavikkojuoksija  <em>Cursorius cursor<\/em>  \u00f6kenl\u00f6pare  Cream-coloured Courser<\/p>\n\n\n\n<p><strong>Heimo Stercorariidae &#8211; Kihut<\/strong><\/p>\n\n\n\n<p>leve\u00e4pyrst\u00f6kihu  <em>Stercorarius pomarinus<\/em>  bredstj\u00e4rtad labb  Pomarine Skua<\/p>\n\n\n\n<p>merikihu  <em>Stercorarius parasiticus<\/em>  kustlabb  Arctic Skua<\/p>\n\n\n\n<p>tunturikihu  <em>Stercorarius longicaudus<\/em>  fj\u00e4llabb  Long-tailed Skua<\/p>\n\n\n\n<p>isokihu  <em>Stercorarius skua<\/em>  storlabb  Great Skua<\/p>\n\n\n\n<p><strong>Heimo Alcidae &#8211; Ruokit<\/strong><\/p>\n\n\n\n<p>lunni <em>Fratercula arctica<\/em>  lunnef\u00e5gel  Atlantic Puffin<\/p>\n\n\n\n<p>riskil\u00e4  <em>Cepphus grylle<\/em>  tobisgrissla  Black Guillemot<\/p>\n\n\n\n<p>mustakurkkumurri  <em>Synthliboramphus antiquus<\/em>  kragalka  Ancient Murrelet<\/p>\n\n\n\n<p>ruokki  <em>Alca torda<\/em>  tordmule  Razorbill<\/p>\n\n\n\n<p>pikkuruokki  <em>Alle alle<\/em>  alkekung  Little Auk<\/p>\n\n\n\n<p>etel\u00e4nkiisla  <em>Uria aalge<\/em>  sillgrissla   Common Guillemot<\/p>\n\n\n\n<p>pohjankiisla  <em>Uria lomvia<\/em>  spetsbergsgrissla  Br\u00fcnnich&#8217;s Guillemot<\/p>\n\n\n\n<p><strong>Heimo Sternidae &#8211; Tiirat<\/strong><\/p>\n\n\n\n<p>pikkutiira  <em>Sternula albifrons<\/em>  sm\u00e5t\u00e4rna  Little Tern<\/p>\n\n\n\n<p>hietatiira  <em>Gelochelidon nilotica<\/em>  sandt\u00e4rna  Gull-billed Tern<\/p>\n\n\n\n<p>r\u00e4ysk\u00e4  <em>Hydroprogne caspia<\/em>  skr\u00e4nt\u00e4rna  Caspian Tern<\/p>\n\n\n\n<p>valkoposkitiira  <em>Chlidonias hybrida<\/em>  sk\u00e4ggt\u00e4rna  Whiskered Tern<\/p>\n\n\n\n<p>mustatiira  <em>Chlidonias niger<\/em>  svartt\u00e4rna  Black Tern<\/p>\n\n\n\n<p>valkosiipitiira  <em>Chlidonias leucopterus<\/em>  vitvingad t\u00e4rna  White-winged Tern<\/p>\n\n\n\n<p>riuttatiira  <em>Sterna sandvicensis<\/em>  kentsk t\u00e4rna  Sandwich Tern<\/p>\n\n\n\n<p>kalatiira  <em>Sterna hirundo<\/em>  fiskt\u00e4rna  Common Tern<\/p>\n\n\n\n<p>lapintiira  <em>Sterna paradisaea<\/em>  silvert\u00e4rna  Arctic Tern<\/p>\n\n\n\n<p><strong>Heimo Laridae &#8211; Lokit<\/strong><\/p>\n\n\n\n<p>pikkulokki  <em>Hydrocoloeus minutus<\/em>  dv\u00e4rgm\u00e5s  Little Gull<\/p>\n\n\n\n<p>ruusulokki  <em>Rhodostethia rosea<\/em>  rosenm\u00e5s  Ross&#8217;s Gull<\/p>\n\n\n\n<p>j\u00e4\u00e4lokki  <em>Pagophila eburnea<\/em>  ism\u00e5s  Ivory Gull<\/p>\n\n\n\n<p>tiiralokki  <em>Xema sabini<\/em>  t\u00e4rnm\u00e5s  Sabine&#8217;s Gull<\/p>\n\n\n\n<p>pikkukajava  <em>Rissa tridactyla<\/em>  tret\u00e5ig m\u00e5s  Black-legged Kittiwake<\/p>\n\n\n\n<p>kaitanokkalokki  <em>Larus genei<\/em>  l\u00e5ngn\u00e4bbad m\u00e5s  Slender-billed Gull<\/p>\n\n\n\n<p>naurulokki  <em>Larus ridibundus<\/em>  skrattm\u00e5s  Black-headed Gull<\/p>\n\n\n\n<p>nokisiipilokki  <em>Larus atricilla<\/em>  sotvingad m\u00e5s  Laughing Gull<\/p>\n\n\n\n<p>preerianaurulokki  <em>Larus pipixcan<\/em>  pr\u00e4riem\u00e5s  Franklin&#8217;s Gull<\/p>\n\n\n\n<p>v\u00e4limerenlokki  <em>Larus audouinii<\/em>  r\u00f6dn\u00e4bbad trut  Audouin&#8217;s Gull<\/p>\n\n\n\n<p>mustanmerenlokki  <em>Larus melanocephalus<\/em>  svarthuvad m\u00e5s  Mediterranean Gull<\/p>\n\n\n\n<p>kalalokki  <em>Larus canus<\/em>  fiskm\u00e5s  Common Gull<\/p>\n\n\n\n<p>selk\u00e4lokki  <em>Larus fuscus<\/em>  silltrut  Lesser Black-backed Gull<\/p>\n\n\n\n<p>harmaalokki  <em>Larus argentatus<\/em>  gr\u00e5trut  Herring Gull<\/p>\n\n\n\n<p>aroharmaalokki  <em>Larus cachinnans<\/em>  kaspisk trut  Caspian Gull<\/p>\n\n\n\n<p>etel\u00e4nharmaalokki  <em>Larus michahellis<\/em>  medelhavstrut  Yellow-legged Gull<\/p>\n\n\n\n<p>ohotanlokki  <em>Larus schistisagus<\/em>  skiffertrut  Slaty-backed Gull<\/p>\n\n\n\n<p>gr\u00f6nlanninlokki  <em>Larus glaucoides<\/em>  vitvingad trut  Iceland Gull<\/p>\n\n\n\n<p>isolokki  <em>Larus hyperboreus<\/em>  vittrut  Glaucous Gull<\/p>\n\n\n\n<p>merilokki  <em>Larus marinus<\/em>  havstrut  Great Black-backed Gull<\/p>\n","protected":false},"excerpt":{"rendered":"<p>Lahko Gruiformes &#8211; Kurkilinnut Heimo Rallidae &#8211; Rantakanat luhtakana Rallus aquaticus vattenrall Water Rail luhtahuitti Porzana porzana sm\u00e5fl\u00e4ckig sumph\u00f6na Spotted Crake pikkuhuitti Porzana parva mindre sumph\u00f6na Little Crake k\u00e4\u00e4pi\u00f6huitti Porzana pusilla dv\u00e4rgsumph\u00f6na Baillon&#8217;s Crake ruisr\u00e4\u00e4kk\u00e4 Crex crex kornknarr Corn Crake liejukana Gallinula chloropus r\u00f6rh\u00f6na Moorhen kurnuliejukana Porphyrio alleni mindre sultanh\u00f6na Allen&#8217;s Gallinule nokikana Fulica atra &hellip; <\/p>\n<p><a class=\"more-link btn\" href=\"http:\/\/www.ptvii.fi\/index.php\/kurkilinnut-ja-rantalinnut\/\">Jatka lukemista<\/a><\/p>\n","protected":false},"author":1,"featured_media":0,"parent":0,"menu_order":0,"comment_status":"closed","ping_status":"closed","template":"","meta":{"footnotes":""},"class_list":["post-551","page","type-page","status-publish","hentry","nodate","item-wrap"],"_links":{"self":[{"href":"http:\/\/www.ptvii.fi\/index.php\/wp-json\/wp\/v2\/pages\/551","targetHints":{"allow":["GET"]}}],"collection":[{"href":"http:\/\/www.ptvii.fi\/index.php\/wp-json\/wp\/v2\/pages"}],"about":[{"href":"http:\/\/www.ptvii.fi\/index.php\/wp-json\/wp\/v2\/types\/page"}],"author":[{"embeddable":true,"href":"http:\/\/www.ptvii.fi\/index.php\/wp-json\/wp\/v2\/users\/1"}],"replies":[{"embeddable":true,"href":"http:\/\/www.ptvii.fi\/index.php\/wp-json\/wp\/v2\/comments?post=551"}],"version-history":[{"count":7,"href":"http:\/\/www.ptvii.fi\/index.php\/wp-json\/wp\/v2\/pages\/551\/revisions"}],"predecessor-version":[{"id":625,"href":"http:\/\/www.ptvii.fi\/index.php\/wp-json\/wp\/v2\/pages\/551\/revisions\/625"}],"wp:attachment":[{"href":"http:\/\/www.ptvii.fi\/index.php\/wp-json\/wp\/v2\/media?parent=551"}],"curies":[{"name":"wp","href":"https:\/\/api.w.org\/{rel}","templated":true}]}}