{"id":545,"date":"2025-02-07T14:18:49","date_gmt":"2025-02-07T12:18:49","guid":{"rendered":"http:\/\/www.ptvii.fi\/?page_id=545"},"modified":"2025-02-26T14:08:51","modified_gmt":"2025-02-26T12:08:51","slug":"pelikaanilinnut-ja-haikaralinnut","status":"publish","type":"page","link":"http:\/\/www.ptvii.fi\/index.php\/pelikaanilinnut-ja-haikaralinnut\/","title":{"rendered":"Pelikaanilinnut ja Haikaralinnut"},"content":{"rendered":"\n<p><strong>Lahko Pelecaniformes &#8211; Pelikaanilinnut<\/strong><\/p>\n\n\n\n<p><strong>Heimo Sulidae &#8211; Suulat<\/strong><\/p>\n\n\n\n<p>ruskosuula  <em>Sula leucogaster<\/em>  brunsula  Brown Booby<\/p>\n\n\n\n<p>suula  <em>Morus bassanus<\/em>  havssula  Northern Gannet<\/p>\n\n\n\n<p><strong>Heimo Phalacrocoracidae &#8211; Merimetsot<\/strong><\/p>\n\n\n\n<p>merimetso  <em>Phalacrocorax carbo<\/em>  storskarv  Cormorant<\/p>\n\n\n\n<p>karimetso  <em>Phalacrocorax aristotelis<\/em>  toppskarv  Shag<\/p>\n\n\n\n<p>pikkumerimetso  <em>Phalacrocorax pygmaeus<\/em>  dv\u00e4rgskarv  Pygmy Cormorant<\/p>\n\n\n\n<p><strong>Heimo Pelecanidae &#8211; Pelikaanit<\/strong><\/p>\n\n\n\n<p>pelikaani  <em>Pelecanus onocrotalus<\/em>  vit pelikan  White Pelican<\/p>\n\n\n\n<p><strong>Lahko Ciconiiformes &#8211; Haikaralinnut<\/strong><\/p>\n\n\n\n<p><strong>Heimo Ardeidae &#8211; Haikarat<\/strong><\/p>\n\n\n\n<p>kaulushaikara  <em>Botaurus stellaris<\/em>  r\u00f6rdrom  Bittern<\/p>\n\n\n\n<p>pikkuhaikara  <em>Ixobrychus minutus<\/em>  dv\u00e4rgr\u00f6rdrom  Little Bittern<\/p>\n\n\n\n<p>y\u00f6haikara  <em>Nycticorax nycticorax<\/em>  natth\u00e4ger  Black-crowned Night Heron<\/p>\n\n\n\n<p>r\u00e4\u00e4kk\u00e4haikara  <em>Ardeola ralloides<\/em>  rallh\u00e4ger  Squacco Heron<\/p>\n\n\n\n<p>lehm\u00e4haikara  <em>Bubulcus ibis<\/em>  koh\u00e4ger  Cattle Egret<\/p>\n\n\n\n<p>silkkihaikara  <em>Egretta garzetta<\/em>  silkesh\u00e4ger  Little Egret<\/p>\n\n\n\n<p>jalohaikara  <em>Egretta alba<\/em>  \u00e4gretth\u00e4ger  Great Egret<\/p>\n\n\n\n<p>harmaahaikara  <em>Ardea cinerea<\/em>  gr\u00e5 h\u00e4ger  Grey Heron<\/p>\n\n\n\n<p>ruskohaikara  <em>Ardea purpurea<\/em>  purpurh\u00e4ger  Purple Heron<\/p>\n\n\n\n<p><strong>Heimo Ciconiidae &#8211; Kattohaikarat<\/strong><\/p>\n\n\n\n<p>mustahaikara  <em>Ciconia nigra<\/em>  svart stork  Black Stork<\/p>\n\n\n\n<p>kattohaikara  <em>Ciconia ciconia<\/em>  vit stork  White Stork<\/p>\n\n\n\n<p><strong>Heimo Threskiornithidae &#8211; Iibikset<\/strong><\/p>\n\n\n\n<p>pronssi-iibis  <em>Plegadis falcinellus<\/em>  bronsibis  Glossy Ibis<\/p>\n\n\n\n<p>kapustahaikara  <em>Platalea leucorodia<\/em>  skedstork  Eurasian Spoonbill<\/p>\n\n\n\n<p><\/p>\n\n\n\n<p><\/p>\n","protected":false},"excerpt":{"rendered":"<p>Lahko Pelecaniformes &#8211; Pelikaanilinnut Heimo Sulidae &#8211; Suulat ruskosuula Sula leucogaster brunsula Brown Booby suula Morus bassanus havssula Northern Gannet Heimo Phalacrocoracidae &#8211; Merimetsot merimetso Phalacrocorax carbo storskarv Cormorant karimetso Phalacrocorax aristotelis toppskarv Shag pikkumerimetso Phalacrocorax pygmaeus dv\u00e4rgskarv Pygmy Cormorant Heimo Pelecanidae &#8211; Pelikaanit pelikaani Pelecanus onocrotalus vit pelikan White Pelican Lahko Ciconiiformes &#8211; Haikaralinnut &hellip; <\/p>\n<p><a class=\"more-link btn\" href=\"http:\/\/www.ptvii.fi\/index.php\/pelikaanilinnut-ja-haikaralinnut\/\">Jatka lukemista<\/a><\/p>\n","protected":false},"author":1,"featured_media":0,"parent":0,"menu_order":0,"comment_status":"closed","ping_status":"closed","template":"","meta":{"footnotes":""},"class_list":["post-545","page","type-page","status-publish","hentry","nodate","item-wrap"],"_links":{"self":[{"href":"http:\/\/www.ptvii.fi\/index.php\/wp-json\/wp\/v2\/pages\/545","targetHints":{"allow":["GET"]}}],"collection":[{"href":"http:\/\/www.ptvii.fi\/index.php\/wp-json\/wp\/v2\/pages"}],"about":[{"href":"http:\/\/www.ptvii.fi\/index.php\/wp-json\/wp\/v2\/types\/page"}],"author":[{"embeddable":true,"href":"http:\/\/www.ptvii.fi\/index.php\/wp-json\/wp\/v2\/users\/1"}],"replies":[{"embeddable":true,"href":"http:\/\/www.ptvii.fi\/index.php\/wp-json\/wp\/v2\/comments?post=545"}],"version-history":[{"count":4,"href":"http:\/\/www.ptvii.fi\/index.php\/wp-json\/wp\/v2\/pages\/545\/revisions"}],"predecessor-version":[{"id":632,"href":"http:\/\/www.ptvii.fi\/index.php\/wp-json\/wp\/v2\/pages\/545\/revisions\/632"}],"wp:attachment":[{"href":"http:\/\/www.ptvii.fi\/index.php\/wp-json\/wp\/v2\/media?parent=545"}],"curies":[{"name":"wp","href":"https:\/\/api.w.org\/{rel}","templated":true}]}}