{"id":543,"date":"2025-02-07T14:15:46","date_gmt":"2025-02-07T12:15:46","guid":{"rendered":"http:\/\/www.ptvii.fi\/?page_id=543"},"modified":"2025-02-26T08:34:57","modified_gmt":"2025-02-26T06:34:57","slug":"kuikkalinnut-ja-uikkulinnut","status":"publish","type":"page","link":"http:\/\/www.ptvii.fi\/index.php\/kuikkalinnut-ja-uikkulinnut\/","title":{"rendered":"Kuikkalinnut ja uikkulinnut"},"content":{"rendered":"\n<p><strong>Lahko Gaviiformes &#8211; Kuikkalinnut<\/strong><\/p>\n\n\n\n<p><strong>Heimo Gaviidae &#8211; Kuikat<\/strong><\/p>\n\n\n\n<p>kaakkuri <em>Gavia stellata<\/em>  sm\u00e5lom  Red-throated Diver<\/p>\n\n\n\n<p>kuikka  <em>Gavia arctica<\/em>  storlom  Black-throated Diver<\/p>\n\n\n\n<p>tundrakuikka  <em>Gavia pacifica<\/em>  stillahavslom  Pacific Diver<\/p>\n\n\n\n<p>amerikanj\u00e4\u00e4kuikka  <em>Gavia immer<\/em>  svartn\u00e4bbad islom  Great Northern Diver<\/p>\n\n\n\n<p><\/p>\n\n\n\n<p><strong>Lahko Podicipediformes &#8211; Uikkulinnut<\/strong><\/p>\n\n\n\n<p><strong>Heimo Podicipedidae &#8211; Uikut<\/strong><\/p>\n\n\n\n<p>pikku-uikku  <em>Tachybaptus ruficollis<\/em>  sm\u00e5dopping  Little Grebe<\/p>\n\n\n\n<p>silkkiuikku  <em>Podiceps cristatus<\/em>  sk\u00e4ggdopping  Great Crested Grebe<\/p>\n\n\n\n<p>h\u00e4rk\u00e4lintu  <em>Podiceps grisegena<\/em>  gr\u00e5hakedopping  Red-necked Grebe<\/p>\n\n\n\n<p>mustakurkku-uikku  <em>Podiceps auritus<\/em>  svarthakedopping  Slavonian Grebe<\/p>\n\n\n\n<p>mustakaulauikku  <em>Podiceps auritus<\/em>  svarthalsad dopping  Black-necked Grebe<\/p>\n","protected":false},"excerpt":{"rendered":"<p>Lahko Gaviiformes &#8211; Kuikkalinnut Heimo Gaviidae &#8211; Kuikat kaakkuri Gavia stellata sm\u00e5lom Red-throated Diver kuikka Gavia arctica storlom Black-throated Diver tundrakuikka Gavia pacifica stillahavslom Pacific Diver amerikanj\u00e4\u00e4kuikka Gavia immer svartn\u00e4bbad islom Great Northern Diver Lahko Podicipediformes &#8211; Uikkulinnut Heimo Podicipedidae &#8211; Uikut pikku-uikku Tachybaptus ruficollis sm\u00e5dopping Little Grebe silkkiuikku Podiceps cristatus sk\u00e4ggdopping Great Crested Grebe &hellip; <\/p>\n<p><a class=\"more-link btn\" href=\"http:\/\/www.ptvii.fi\/index.php\/kuikkalinnut-ja-uikkulinnut\/\">Jatka lukemista<\/a><\/p>\n","protected":false},"author":1,"featured_media":0,"parent":0,"menu_order":0,"comment_status":"closed","ping_status":"closed","template":"","meta":{"footnotes":""},"class_list":["post-543","page","type-page","status-publish","hentry","nodate","item-wrap"],"_links":{"self":[{"href":"http:\/\/www.ptvii.fi\/index.php\/wp-json\/wp\/v2\/pages\/543","targetHints":{"allow":["GET"]}}],"collection":[{"href":"http:\/\/www.ptvii.fi\/index.php\/wp-json\/wp\/v2\/pages"}],"about":[{"href":"http:\/\/www.ptvii.fi\/index.php\/wp-json\/wp\/v2\/types\/page"}],"author":[{"embeddable":true,"href":"http:\/\/www.ptvii.fi\/index.php\/wp-json\/wp\/v2\/users\/1"}],"replies":[{"embeddable":true,"href":"http:\/\/www.ptvii.fi\/index.php\/wp-json\/wp\/v2\/comments?post=543"}],"version-history":[{"count":4,"href":"http:\/\/www.ptvii.fi\/index.php\/wp-json\/wp\/v2\/pages\/543\/revisions"}],"predecessor-version":[{"id":615,"href":"http:\/\/www.ptvii.fi\/index.php\/wp-json\/wp\/v2\/pages\/543\/revisions\/615"}],"wp:attachment":[{"href":"http:\/\/www.ptvii.fi\/index.php\/wp-json\/wp\/v2\/media?parent=543"}],"curies":[{"name":"wp","href":"https:\/\/api.w.org\/{rel}","templated":true}]}}