{"id":539,"date":"2025-02-07T14:13:43","date_gmt":"2025-02-07T12:13:43","guid":{"rendered":"http:\/\/www.ptvii.fi\/?page_id=539"},"modified":"2025-02-26T08:12:43","modified_gmt":"2025-02-26T06:12:43","slug":"kanalinnut","status":"publish","type":"page","link":"http:\/\/www.ptvii.fi\/index.php\/kanalinnut\/","title":{"rendered":"Kanalinnut"},"content":{"rendered":"\n<p><strong>Lahko Galliformes &#8211; Kanalinnut<\/strong><\/p>\n\n\n\n<p><strong>Heimo Phasianidae &#8211; Aitokanat<\/strong><\/p>\n\n\n\n<p>viiri\u00e4inen  <em>Coturnix coturnix<\/em>  vaktel  Common Quail<\/p>\n\n\n\n<p>pyy  <em>Tetrastes bonasia<\/em>  j\u00e4rpe  Hazel Grouse<\/p>\n\n\n\n<p>riekko  <em>Lagopus lagopus<\/em>  dalripa  Willow Ptarmigan<\/p>\n\n\n\n<p>kiiruna  <em>Lagopus muta<\/em>  fj\u00e4llripa  Rock Ptarmigan<\/p>\n\n\n\n<p>teeri  <em>Tetrao tetrix<\/em>  orre  Black Grouse<\/p>\n\n\n\n<p>metso  <em>Tetrao urogallus<\/em>  tj\u00e4der  Capercaillie<\/p>\n\n\n\n<p>peltopyy  <em>Perdix perdix<\/em>  rapph\u00f6na  Grey Partridge<\/p>\n\n\n\n<p>fasaani  <em>Phasianus colchicus<\/em>  fasan  Common Pheasant<\/p>\n","protected":false},"excerpt":{"rendered":"<p>Lahko Galliformes &#8211; Kanalinnut Heimo Phasianidae &#8211; Aitokanat viiri\u00e4inen Coturnix coturnix vaktel Common Quail pyy Tetrastes bonasia j\u00e4rpe Hazel Grouse riekko Lagopus lagopus dalripa Willow Ptarmigan kiiruna Lagopus muta fj\u00e4llripa Rock Ptarmigan teeri Tetrao tetrix orre Black Grouse metso Tetrao urogallus tj\u00e4der Capercaillie peltopyy Perdix perdix rapph\u00f6na Grey Partridge fasaani Phasianus colchicus fasan Common Pheasant<\/p>\n","protected":false},"author":1,"featured_media":0,"parent":0,"menu_order":0,"comment_status":"closed","ping_status":"closed","template":"","meta":{"footnotes":""},"class_list":["post-539","page","type-page","status-publish","hentry","nodate","item-wrap"],"_links":{"self":[{"href":"http:\/\/www.ptvii.fi\/index.php\/wp-json\/wp\/v2\/pages\/539","targetHints":{"allow":["GET"]}}],"collection":[{"href":"http:\/\/www.ptvii.fi\/index.php\/wp-json\/wp\/v2\/pages"}],"about":[{"href":"http:\/\/www.ptvii.fi\/index.php\/wp-json\/wp\/v2\/types\/page"}],"author":[{"embeddable":true,"href":"http:\/\/www.ptvii.fi\/index.php\/wp-json\/wp\/v2\/users\/1"}],"replies":[{"embeddable":true,"href":"http:\/\/www.ptvii.fi\/index.php\/wp-json\/wp\/v2\/comments?post=539"}],"version-history":[{"count":3,"href":"http:\/\/www.ptvii.fi\/index.php\/wp-json\/wp\/v2\/pages\/539\/revisions"}],"predecessor-version":[{"id":609,"href":"http:\/\/www.ptvii.fi\/index.php\/wp-json\/wp\/v2\/pages\/539\/revisions\/609"}],"wp:attachment":[{"href":"http:\/\/www.ptvii.fi\/index.php\/wp-json\/wp\/v2\/media?parent=539"}],"curies":[{"name":"wp","href":"https:\/\/api.w.org\/{rel}","templated":true}]}}