{"id":487,"date":"2025-02-07T13:51:47","date_gmt":"2025-02-07T11:51:47","guid":{"rendered":"http:\/\/www.ptvii.fi\/?page_id=487"},"modified":"2025-02-26T14:21:19","modified_gmt":"2025-02-26T12:21:19","slug":"sorsalinnut","status":"publish","type":"page","link":"http:\/\/www.ptvii.fi\/index.php\/sorsalinnut\/","title":{"rendered":"Sorsalinnut"},"content":{"rendered":"\n<p>L<strong>ahko: Sorsalinnut <\/strong><\/p>\n\n\n\n<p><strong>Heimo: Sorsat<\/strong><\/p>\n\n\n\n<div class=\"wp-block-media-text is-stacked-on-mobile\"><figure class=\"wp-block-media-text__media\"><img loading=\"lazy\" decoding=\"async\" width=\"1024\" height=\"682\" src=\"http:\/\/www.ptvii.fi\/wp-content\/uploads\/2024\/04\/PV1_9271-kyhmyjoutsen-1024x682.jpg\" alt=\"\" class=\"wp-image-351 size-full\" srcset=\"http:\/\/www.ptvii.fi\/wp-content\/uploads\/2024\/04\/PV1_9271-kyhmyjoutsen-1024x682.jpg 1024w, http:\/\/www.ptvii.fi\/wp-content\/uploads\/2024\/04\/PV1_9271-kyhmyjoutsen-300x200.jpg 300w, http:\/\/www.ptvii.fi\/wp-content\/uploads\/2024\/04\/PV1_9271-kyhmyjoutsen-768x512.jpg 768w, http:\/\/www.ptvii.fi\/wp-content\/uploads\/2024\/04\/PV1_9271-kyhmyjoutsen-1536x1024.jpg 1536w, http:\/\/www.ptvii.fi\/wp-content\/uploads\/2024\/04\/PV1_9271-kyhmyjoutsen-876x584.jpg 876w, http:\/\/www.ptvii.fi\/wp-content\/uploads\/2024\/04\/PV1_9271-kyhmyjoutsen.jpg 2000w\" sizes=\"auto, (max-width: 1024px) 100vw, 1024px\" \/><\/figure><div class=\"wp-block-media-text__content\">\n<p><strong><mark style=\"background-color:rgba(0, 0, 0, 0)\" class=\"has-inline-color has-black-color\">Kyhmyjoutsen<\/mark><\/strong><\/p>\n\n\n\n<p>Cygnus olor<\/p>\n\n\n\n<p>kn\u00f6lsvan<\/p>\n\n\n\n<p>Mute Swan<\/p>\n\n\n\n<p><em>8.4.2024 Helsinki Tokoinranta<\/em><\/p>\n<\/div><\/div>\n\n\n\n<p>pikkujoutsen  <em>Cygnus columbianus<\/em>  mindre s\u00e5ngsvan  Bewick&#8217;s Swan<\/p>\n\n\n\n<div class=\"wp-block-media-text is-stacked-on-mobile\"><figure class=\"wp-block-media-text__media\"><img loading=\"lazy\" decoding=\"async\" width=\"1024\" height=\"678\" src=\"http:\/\/www.ptvii.fi\/wp-content\/uploads\/2024\/10\/PV2_4248-a-1024x678.jpeg\" alt=\"\" class=\"wp-image-450 size-full\" srcset=\"http:\/\/www.ptvii.fi\/wp-content\/uploads\/2024\/10\/PV2_4248-a-1024x678.jpeg 1024w, http:\/\/www.ptvii.fi\/wp-content\/uploads\/2024\/10\/PV2_4248-a-300x199.jpeg 300w, http:\/\/www.ptvii.fi\/wp-content\/uploads\/2024\/10\/PV2_4248-a-768x508.jpeg 768w, http:\/\/www.ptvii.fi\/wp-content\/uploads\/2024\/10\/PV2_4248-a-1536x1016.jpeg 1536w, http:\/\/www.ptvii.fi\/wp-content\/uploads\/2024\/10\/PV2_4248-a-2048x1355.jpeg 2048w, http:\/\/www.ptvii.fi\/wp-content\/uploads\/2024\/10\/PV2_4248-a-876x580.jpeg 876w\" sizes=\"auto, (max-width: 1024px) 100vw, 1024px\" \/><\/figure><div class=\"wp-block-media-text__content\">\n<p><strong>Laulujoutsen<\/strong><\/p>\n\n\n\n<p>Cygnus cygnus<\/p>\n\n\n\n<p>s\u00e5ngsvan<\/p>\n\n\n\n<p>Whooper Swan<\/p>\n\n\n\n<p><em>5.9.2024 H\u00e4meenlinna Hattelmalanj\u00e4rvi<\/em><\/p>\n<\/div><\/div>\n\n\n\n<div class=\"wp-block-media-text is-stacked-on-mobile\"><figure class=\"wp-block-media-text__media\"><\/figure><div class=\"wp-block-media-text__content\">\n<p><strong>Mets\u00e4hanhi<\/strong><\/p>\n\n\n\n<p>Anser fabalis<\/p>\n\n\n\n<p>s\u00e4dg\u00e5s<\/p>\n\n\n\n<p>Bean Goose<\/p>\n\n\n\n<p><em>5.9.2024 H\u00e4meenlinna Hattelmalanj\u00e4rvi<\/em><\/p>\n<\/div><\/div>\n\n\n\n<p>lyhytnokkahanhi     <em>Anser brachyrhynchus<\/em>     spetsbergsg\u00e5s     Pink-footed Goose<\/p>\n\n\n\n<p>tundrahanhi     <em>Anser albifrons<\/em>     bl\u00e4sg\u00e5s     White-fronted Goose<\/p>\n\n\n\n<p>kiljuhanhi     <em>Anser erythropus<\/em>     fj\u00e4llg\u00e5s     Lesser White-fronted Goose<\/p>\n\n\n\n<p>tiibetinhanhi     <em>Anser indicus<\/em>     stripg\u00e5s     Bar-headed Goose<\/p>\n\n\n\n<div class=\"wp-block-media-text is-stacked-on-mobile\"><figure class=\"wp-block-media-text__media\"><img loading=\"lazy\" decoding=\"async\" width=\"1024\" height=\"683\" src=\"http:\/\/www.ptvii.fi\/wp-content\/uploads\/2024\/01\/Merihanhi-1024x683.jpg\" alt=\"\" class=\"wp-image-216 size-full\" srcset=\"http:\/\/www.ptvii.fi\/wp-content\/uploads\/2024\/01\/Merihanhi-1024x683.jpg 1024w, http:\/\/www.ptvii.fi\/wp-content\/uploads\/2024\/01\/Merihanhi-300x200.jpg 300w, http:\/\/www.ptvii.fi\/wp-content\/uploads\/2024\/01\/Merihanhi-768x512.jpg 768w, http:\/\/www.ptvii.fi\/wp-content\/uploads\/2024\/01\/Merihanhi-876x584.jpg 876w, http:\/\/www.ptvii.fi\/wp-content\/uploads\/2024\/01\/Merihanhi.jpg 1392w\" sizes=\"auto, (max-width: 1024px) 100vw, 1024px\" \/><\/figure><div class=\"wp-block-media-text__content\">\n<p><strong>Merihanhi<\/strong><\/p>\n\n\n\n<p>Anser anser<\/p>\n\n\n\n<p>gr\u00e5g\u00e5s<\/p>\n\n\n\n<p>Greylag Goose<\/p>\n\n\n\n<p><em>26.5.2023 Helsinki Vanhankaupunginlahti<\/em><\/p>\n<\/div><\/div>\n\n\n\n<p>eskimohanhi     <em>Anser rossii<\/em>     dv\u00e4rgsn\u00f6g\u00e5s     Ross&#8217;s Goose<\/p>\n\n\n\n<div class=\"wp-block-media-text is-stacked-on-mobile\"><figure class=\"wp-block-media-text__media\"><\/figure><div class=\"wp-block-media-text__content\">\n<p><strong>Kanadanhanhi<\/strong><\/p>\n\n\n\n<p>Branta canadensis<\/p>\n\n\n\n<p>kanadag\u00e5s<\/p>\n\n\n\n<p>Canada Goose<\/p>\n\n\n\n<p><\/p>\n\n\n\n<p><em>5.9.2024 H\u00e4meenlinna Hattelmalanj\u00e4rvi<\/em><\/p>\n<\/div><\/div>\n\n\n\n<p>pikkukanadanhanhi     <em>Branta hutchinsii<\/em>     dv\u00e4rgkanadag\u00e5s     Cackling Goose<\/p>\n\n\n\n<div class=\"wp-block-media-text is-stacked-on-mobile\"><figure class=\"wp-block-media-text__media\"><\/figure><div class=\"wp-block-media-text__content\">\n<p><strong>Valkoposkihanhi<\/strong><\/p>\n\n\n\n<p>Branta leucopsis<\/p>\n\n\n\n<p>vitkindad g\u00e5s<\/p>\n\n\n\n<p>Barnacle Goose<\/p>\n\n\n\n<p><em>5.9.2024 H\u00e4meenlinna Hattelmalanj\u00e4rvi<\/em><\/p>\n<\/div><\/div>\n\n\n\n<p>sepelhanhi     <em>Branta bernicla<\/em>     prutg\u00e5s     Brant Goose<\/p>\n\n\n\n<p>punakaulahanhi     <em>Branta ruficollis<\/em>     r\u00f6dhalsad g\u00e5s     Red-breasted Goose<\/p>\n\n\n\n<p>ruostesorsa     <em>Tadorna ferruginea<\/em>     rostand     Ruddy Shelduck<\/p>\n\n\n\n<p>ristisorsa     <em>Tadorna tadorna<\/em>      gravand     Common Shelduck<\/p>\n\n\n\n<div class=\"wp-block-media-text is-stacked-on-mobile\"><figure class=\"wp-block-media-text__media\"><\/figure><div class=\"wp-block-media-text__content\">\n<p><strong>Mandariinisorsa<\/strong><\/p>\n\n\n\n<p>Aix galericulata<\/p>\n\n\n\n<p>mandarinand<\/p>\n\n\n\n<p>Mandarin Duck<\/p>\n\n\n\n<p><em>5.9.2024 H\u00e4meenlinna Hattelmalanj\u00e4rvi<\/em><\/p>\n<\/div><\/div>\n\n\n\n<div class=\"wp-block-media-text is-stacked-on-mobile\"><figure class=\"wp-block-media-text__media\"><\/figure><div class=\"wp-block-media-text__content\">\n<p><strong>Haapana<\/strong><\/p>\n\n\n\n<p>Anas penelope<\/p>\n\n\n\n<p>bl\u00e4sand<\/p>\n\n\n\n<p>Eurasian Wigeon<\/p>\n\n\n\n<p><em>5.9.2024 H\u00e4meenlinna Hattelmalanj\u00e4rvi<\/em><\/p>\n<\/div><\/div>\n\n\n\n<p>amerikanhaapana     <em>Anas americana<\/em>     amerikansk bl\u00e4sand     American Wigeon<\/p>\n\n\n\n<p>harmaasorsa     <em>Anas strepera<\/em>     snatterand     Gadwall<\/p>\n\n\n\n<p>siperiantavi     <em>Anas formosa<\/em>     gulkindad kricka     Baikal Teal<\/p>\n\n\n\n<p>tavi    <em>Anas crecca<\/em>     kricka     Eurasian Teal<\/p>\n\n\n\n<p>amerikantavi     <em>Anas carolinensis<\/em>     amerikansk kricka     Green-winged Teal<\/p>\n\n\n\n<p>sinisorsa    <em>Anas platyrhynchos<\/em>    gr\u00e4sand     Mallard<\/p>\n\n\n\n<p>nokisorsa     <em>Anas rubripes<\/em>     svartand     Black Duck<\/p>\n\n\n\n<p>jouhisorsa     <em>Anas acuta<\/em>     stj\u00e4rtand     Northern Pintail<\/p>\n\n\n\n<p>hein\u00e4tavi     <em>Anas querquedula<\/em>     \u00e5rta     Garganey<\/p>\n\n\n\n<p>sinisiipitavi     <em>Anas discors<\/em>     bl\u00e5vingad \u00e5rta     Blue-winged Teal<\/p>\n\n\n\n<p>lapasorsa     <em>Anas clypeata<\/em>     skedand     Northern Shoveler<\/p>\n\n\n\n<p>punap\u00e4\u00e4narsku     <em>Netta rufina<\/em>     r\u00f6dhuvad dykand     Red-crested Pochard<\/p>\n\n\n\n<p>punasotka     <em>Aythya ferina<\/em>     brunand     Common Pochard<\/p>\n\n\n\n<p>amerikantukkasotka <em>Aythya collaris<\/em> ringand Ring-necked Duck<\/p>\n\n\n\n<p>ruskosotka <em>Aythya nyroca<\/em> vit\u00f6gd dykand Ferruginous Duck<\/p>\n\n\n\n<p>tukkasotka <em>Aythya nyroca<\/em> vigg Tufted Duck<\/p>\n\n\n\n<p>lapasotka <em>Aythya marila<\/em> bergand Greater Scaup<\/p>\n\n\n\n<p>pikkulapasotka <em>Aythya affinis<\/em> mindre bergand Lesser Scaup<\/p>\n\n\n\n<p>haahka <em>Somateria mollissima<\/em> ejder King Eider<\/p>\n\n\n\n<p>allihaahka <em>Polysticta stelleri<\/em> alf\u00f6rr\u00e4dare Steller&#8217;s Eider<\/p>\n\n\n\n<p>virta-alli <em>Histrionicus histrionicus<\/em> str\u00f6mand Harlequin Duck<\/p>\n\n\n\n<p>alli <em>Clangula hyemalis<\/em> alf\u00e5gel Long-tailed Duck<\/p>\n\n\n\n<p>mustalintu <em>Melanitta nigra<\/em> sj\u00f6orre Common Scoter<\/p>\n\n\n\n<p>amerikanmustalintu <em>Melanitta americana<\/em> amerikansk sj\u00f6orre Black Scoter<\/p>\n\n\n\n<p>pilkkaniska <em>Melanitta perspicillata<\/em> vitnackad sv\u00e4rta Surf Scoter<\/p>\n\n\n\n<p>pilkkasiipi <em>Melanitta fusca<\/em> sv\u00e4rta Velvet Scoter<\/p>\n\n\n\n<p>kyhmypilkkasiipi <em>Melanitta deglandi<\/em> kn\u00f6lsv\u00e4rta White-winged Scoter<\/p>\n\n\n\n<p>telkk\u00e4 <em>Bucephala clangula<\/em> knipa Common Goldeneye<\/p>\n\n\n\n<p>uivelo <em>Mergellus albellus<\/em> salskrake Smew<\/p>\n\n\n\n<p>tukkakoskelo <em>Mergus serrator<\/em> sm\u00e5skrake Red-breasted Merganser<\/p>\n\n\n\n<p>isokoskelo <em>Mergus merganser<\/em> storskrake Goosander<\/p>\n\n\n\n<p>kuparisorsa <em>Oxyura jamaicensis<\/em> amerikansk kopparand Ruddy Duck<\/p>\n\n\n\n<p><em>Sivua muokattu 26.2.2025<\/em><\/p>\n\n\n\n<p><\/p>\n","protected":false},"excerpt":{"rendered":"<p>Lahko: Sorsalinnut Heimo: Sorsat Kyhmyjoutsen Cygnus olor kn\u00f6lsvan Mute Swan 8.4.2024 Helsinki Tokoinranta pikkujoutsen Cygnus columbianus mindre s\u00e5ngsvan Bewick&#8217;s Swan Laulujoutsen Cygnus cygnus s\u00e5ngsvan Whooper Swan 5.9.2024 H\u00e4meenlinna Hattelmalanj\u00e4rvi Mets\u00e4hanhi Anser fabalis s\u00e4dg\u00e5s Bean Goose 5.9.2024 H\u00e4meenlinna Hattelmalanj\u00e4rvi lyhytnokkahanhi Anser brachyrhynchus spetsbergsg\u00e5s Pink-footed Goose tundrahanhi Anser albifrons bl\u00e4sg\u00e5s White-fronted Goose kiljuhanhi Anser erythropus fj\u00e4llg\u00e5s Lesser &hellip; <\/p>\n<p><a class=\"more-link btn\" href=\"http:\/\/www.ptvii.fi\/index.php\/sorsalinnut\/\">Jatka lukemista<\/a><\/p>\n","protected":false},"author":1,"featured_media":0,"parent":0,"menu_order":0,"comment_status":"closed","ping_status":"closed","template":"","meta":{"footnotes":""},"class_list":["post-487","page","type-page","status-publish","hentry","nodate","item-wrap"],"_links":{"self":[{"href":"http:\/\/www.ptvii.fi\/index.php\/wp-json\/wp\/v2\/pages\/487","targetHints":{"allow":["GET"]}}],"collection":[{"href":"http:\/\/www.ptvii.fi\/index.php\/wp-json\/wp\/v2\/pages"}],"about":[{"href":"http:\/\/www.ptvii.fi\/index.php\/wp-json\/wp\/v2\/types\/page"}],"author":[{"embeddable":true,"href":"http:\/\/www.ptvii.fi\/index.php\/wp-json\/wp\/v2\/users\/1"}],"replies":[{"embeddable":true,"href":"http:\/\/www.ptvii.fi\/index.php\/wp-json\/wp\/v2\/comments?post=487"}],"version-history":[{"count":11,"href":"http:\/\/www.ptvii.fi\/index.php\/wp-json\/wp\/v2\/pages\/487\/revisions"}],"predecessor-version":[{"id":636,"href":"http:\/\/www.ptvii.fi\/index.php\/wp-json\/wp\/v2\/pages\/487\/revisions\/636"}],"wp:attachment":[{"href":"http:\/\/www.ptvii.fi\/index.php\/wp-json\/wp\/v2\/media?parent=487"}],"curies":[{"name":"wp","href":"https:\/\/api.w.org\/{rel}","templated":true}]}}